{"id":10012,"date":"2022-05-06T00:48:21","date_gmt":"2022-05-05T22:48:21","guid":{"rendered":"https:\/\/cimgfrance.fr\/?page_id=10012"},"modified":"2025-11-27T13:43:10","modified_gmt":"2025-11-27T12:43:10","slug":"qui-sommes-nous","status":"publish","type":"page","link":"https:\/\/cimgfrance.fr\/index.php\/qui-sommes-nous\/","title":{"rendered":"Qui sommes-nous ?"},"content":{"rendered":"<style>\/*! elementor - v3.6.5 - 27-04-2022 *\/<br \/>\n.elementor-heading-title{padding:0;margin:0;line-height:1}.elementor-widget-heading .elementor-heading-title[class*=elementor-size-]>a{color:inherit;font-size:inherit;line-height:inherit}.elementor-widget-heading .elementor-heading-title.elementor-size-small{font-size:15px}.elementor-widget-heading .elementor-heading-title.elementor-size-medium{font-size:19px}.elementor-widget-heading .elementor-heading-title.elementor-size-large{font-size:29px}.elementor-widget-heading .elementor-heading-title.elementor-size-xl{font-size:39px}.elementor-widget-heading .elementor-heading-title.elementor-size-xxl{font-size:59px}<\/style>\n<h3>DEFINITION DE \u00ab MILL\u00ce G\u00d6R\u00dc\u015e \u00bb<\/h3>\n<p>Le terme \u00ab mill\u00ee \u00bb vient du mot arabe \u00ab millat \u00bb qui est un mot cit\u00e9 \u00e0 de multiples reprises dans le Saint Coran. Ce terme d\u00e9signe la communaut\u00e9 rassembl\u00e9e autour d\u2019un Proph\u00e8te, qui croit en lui et aux valeurs et aux traditions que le Proph\u00e8te enseigne et transmet. Le mot \u00ab G\u00f6r\u00fcs \u00bb quant \u00e0 lui, est d\u2019origine turque et d\u00e9signe litt\u00e9ralement \u00ab la vision \u00bb. Dans un sens plus large, il signifie la fa\u00e7on de concevoir, le paradigme. Ainsi, le \u00ab Mill\u00ee G\u00f6r\u00fcs \u00bb d\u00e9signe l\u2019ensemble des musulmans qui se consid\u00e8rent comme faisant partie de la lign\u00e9e d\u2019Ibrahim (a.s.) en mati\u00e8re d\u2019opinion et de foi tout en suivant le message de Muhammad (s.a.w.s.), le dernier des Envoy\u00e9s de Dieu.<\/p>\n<h3>FONDATION ET EVOLUTION DE LA CIMG FRANCE<\/h3>\n<p>Durant les ann\u00e9es 70, des millions de musulmans de Turquie et d\u2019autres pays ont \u00e9migr\u00e9 en Europe. De leur c\u00f4t\u00e9 les travailleurs turcs ont form\u00e9 des petits groupes et se sont rassembl\u00e9s dans des petites salles am\u00e9nag\u00e9es dans lesquelles ils pouvaient faire leurs pri\u00e8res. Ces petits groupes se sont ensuite rassembl\u00e9s pour former des associations r\u00e9gionales et des f\u00e9d\u00e9rations \u00e0 l\u2019\u00e9chelle nationale.<\/p>\n<p>Avec le temps et l\u2019accroissement consid\u00e9rable du nombre d\u2019adh\u00e9rents, les membres sentirent le besoin urgent de doter ces organisations d\u2019un \u00ab bureau central \u00bb afin de lancer et surveiller la construction de mosqu\u00e9es, organiser les p\u00e8lerinages (<em>hajj et omrah<\/em>), recruter et former des imams et autres personnes charg\u00e9es du \u00ab\u00a0conseil d\u2019orientation\u00a0\u00bb (<em>Irsh\u00e2d<\/em>) et des services religieux.<\/p>\n<p>C\u2019est en vue de cette n\u00e9cessit\u00e9 qu\u2019en 1995,\u00a0<strong>la Communaut\u00e9 Islamique du Mill\u00ee G\u00f6r\u00fc\u015f<\/strong>\u00a0(CIMG) a vu le jour. L\u2019organisation nouvellement constitu\u00e9e a planifi\u00e9 ses projets, model\u00e9s par le contexte \u00e9conomique et politique de l\u2019\u00e9poque et centr\u00e9s sur les r\u00e9alit\u00e9s de la soci\u00e9t\u00e9 d\u2019alors.<\/p>\n<p>L\u2019organisation, li\u00e9e au centre principal europ\u00e9en du Mill\u00ee G\u00f6r\u00fcs appel\u00e9 \u00ab\u00a0Islamische Gemeinschaft Mill\u00ee G\u00f6r\u00fc\u015f\u00a0\u00bb, s\u2019est alors constitu\u00e9 en 6 grandes r\u00e9gions (les\u00a0<em>b\u00f6lge<\/em>) elles-m\u00eames constitu\u00e9es de plusieurs branches locales appel\u00e9es les\u00a0<em>sube<\/em>\u00a0et ce, \u00e0 travers toute la France.<\/p>\n<p>La stricte hi\u00e9rarchie de la CIMG France (les branches locales sont dot\u00e9es d\u2019un conseil et d\u2019un pr\u00e9sident, eux-m\u00eames subordonn\u00e9s \u00e0 la r\u00e9gion et ainsi de suite au niveau national), son exp\u00e9rience ainsi que le nombre cons\u00e9quent de ses activit\u00e9s font de la CIMG France une organisation s\u00fbre et efficace.<\/p>\n<p>Aujourd\u2019hui, forte de plus de 300 associations avec une exp\u00e9rience de terrain remarquable, la CIMG France est un acteur incontournable de la vie des musulmans de France. A ce titre, la CIMG France est pr\u00e9sente au sein du bureau ex\u00e9cutif du CFCM en la personne de son Pr\u00e9sident Eyup SAHIN<\/p>\n","protected":false},"excerpt":{"rendered":"<p>DEFINITION DE \u00ab MILL\u00ce G\u00d6R\u00dc\u015e \u00bb Le terme \u00ab mill\u00ee \u00bb vient du mot arabe \u00ab millat \u00bb qui est un mot cit\u00e9 \u00e0 de multiples reprises dans le Saint Coran. Ce terme d\u00e9signe la communaut\u00e9 rassembl\u00e9e autour d\u2019un Proph\u00e8te, qui croit en lui et aux valeurs et aux traditions que le Proph\u00e8te enseigne et [&hellip;]<\/p>\n","protected":false},"author":1,"featured_media":0,"parent":0,"menu_order":0,"comment_status":"closed","ping_status":"closed","template":"page-full-width.php","meta":[],"_links":{"self":[{"href":"https:\/\/cimgfrance.fr\/index.php\/wp-json\/wp\/v2\/pages\/10012"}],"collection":[{"href":"https:\/\/cimgfrance.fr\/index.php\/wp-json\/wp\/v2\/pages"}],"about":[{"href":"https:\/\/cimgfrance.fr\/index.php\/wp-json\/wp\/v2\/types\/page"}],"author":[{"embeddable":true,"href":"https:\/\/cimgfrance.fr\/index.php\/wp-json\/wp\/v2\/users\/1"}],"replies":[{"embeddable":true,"href":"https:\/\/cimgfrance.fr\/index.php\/wp-json\/wp\/v2\/comments?post=10012"}],"version-history":[{"count":6,"href":"https:\/\/cimgfrance.fr\/index.php\/wp-json\/wp\/v2\/pages\/10012\/revisions"}],"predecessor-version":[{"id":10572,"href":"https:\/\/cimgfrance.fr\/index.php\/wp-json\/wp\/v2\/pages\/10012\/revisions\/10572"}],"wp:attachment":[{"href":"https:\/\/cimgfrance.fr\/index.php\/wp-json\/wp\/v2\/media?parent=10012"}],"curies":[{"name":"wp","href":"https:\/\/api.w.org\/{rel}","templated":true}]}}